{"id":38,"date":"2018-09-02T21:00:02","date_gmt":"2018-09-02T19:00:02","guid":{"rendered":"http:\/\/westsiderobotlab.fr\/?page_id=38"},"modified":"2024-09-17T10:54:38","modified_gmt":"2024-09-17T08:54:38","slug":"inscriptions-aux-ateliers","status":"publish","type":"page","link":"https:\/\/westsiderobotlab.fr\/?page_id=38","title":{"rendered":"Inscriptions aux ateliers"},"content":{"rendered":"\t\t<div data-elementor-type=\"wp-post\" data-elementor-id=\"38\" class=\"elementor elementor-38\">\n\t\t\t\t\t\t\t\t\t<section class=\"elementor-section elementor-top-section elementor-element elementor-element-a1f854c elementor-section-boxed elementor-section-height-default elementor-section-height-default\" data-id=\"a1f854c\" data-element_type=\"section\">\n\t\t\t\t\t\t<div class=\"elementor-container elementor-column-gap-default\">\n\t\t\t\t\t<div class=\"elementor-column elementor-col-100 elementor-top-column elementor-element elementor-element-09991be\" data-id=\"09991be\" data-element_type=\"column\">\n\t\t\t<div class=\"elementor-widget-wrap elementor-element-populated\">\n\t\t\t\t\t\t\t\t<div class=\"elementor-element elementor-element-2333fb6 elementor-widget elementor-widget-heading\" data-id=\"2333fb6\" data-element_type=\"widget\" data-widget_type=\"heading.default\">\n\t\t\t\t<div class=\"elementor-widget-container\">\n\t\t\t<h2 class=\"elementor-heading-title elementor-size-default\">Ateliers de l'association<\/h2>\t\t<\/div>\n\t\t\t\t<\/div>\n\t\t\t\t\t<\/div>\n\t\t<\/div>\n\t\t\t\t\t\t\t<\/div>\n\t\t<\/section>\n\t\t\t\t<section class=\"elementor-section elementor-top-section elementor-element elementor-element-b6ad62d elementor-section-boxed elementor-section-height-default elementor-section-height-default\" data-id=\"b6ad62d\" data-element_type=\"section\">\n\t\t\t\t\t\t<div class=\"elementor-container elementor-column-gap-default\">\n\t\t\t\t\t<div class=\"elementor-column elementor-col-100 elementor-top-column elementor-element elementor-element-e2dc258\" data-id=\"e2dc258\" data-element_type=\"column\">\n\t\t\t<div class=\"elementor-widget-wrap\">\n\t\t\t\t\t\t\t\t\t<\/div>\n\t\t<\/div>\n\t\t\t\t\t\t\t<\/div>\n\t\t<\/section>\n\t\t\t\t<section class=\"elementor-section elementor-top-section elementor-element elementor-element-6c85f84 elementor-section-boxed elementor-section-height-default elementor-section-height-default\" data-id=\"6c85f84\" data-element_type=\"section\">\n\t\t\t\t\t\t<div class=\"elementor-container elementor-column-gap-default\">\n\t\t\t\t\t<div class=\"elementor-column elementor-col-50 elementor-top-column elementor-element elementor-element-afe6d39\" data-id=\"afe6d39\" data-element_type=\"column\">\n\t\t\t<div class=\"elementor-widget-wrap elementor-element-populated\">\n\t\t\t\t\t\t\t\t<div class=\"elementor-element elementor-element-1a620bd elementor-widget elementor-widget-text-editor\" data-id=\"1a620bd\" data-element_type=\"widget\" data-widget_type=\"text-editor.default\">\n\t\t\t\t<div class=\"elementor-widget-container\">\n\t\t\t\t\t\t\t<p>L&rsquo;association propose diff\u00e9rents ateliers notamment le samedi.<\/p>\n<p>Vous trouverez&nbsp;<a href=\"https:\/\/docs.google.com\/forms\/d\/e\/1FAIpQLSeJHs8FVBLwIV22kc9E9ErMubkpyCm32FN9AwvCm9xUBu1eVw\/viewform\" target=\"_blank\" rel=\"noopener\">ci-joint un formulaire d&rsquo;inscription&nbsp;<\/a>qui nous permettra de constituer des groupes en fonction de l&rsquo;\u00e2ge et des comp\u00e9tences des enfants.<\/p>\n<p>Les ateliers sont r\u00e9partis de la fa\u00e7on suivante :&nbsp;<\/p>\n<p>&#8211; <b>Samedi \u00e0 10h<\/b> pour les d\u00e9butants au Potager du Dauphin.<\/p>\n<p>&#8211; <b>Samedi \u00e0 10h<\/b> \u00e9galement pour un niveau interm\u00e9diaire mais au LAB.<\/p>\n<p>&#8211; <b>Samedi \u00e0 14h<\/b> pour les plus confirm\u00e9s &#8211; au Potager du Dauphin<\/p>\n<p>&#8211; <b>Inscription compl\u00e8te <\/b>: 200 euros (PASS 92 possible pour les coll\u00e9giens)<\/p>\n<div>&nbsp;+ d&rsquo;infos au 06 60 89 30 39 ou westsiderobotlab@gmail.com&nbsp;<\/div>\n<p><\/p>\t\t\t\t\t\t<\/div>\n\t\t\t\t<\/div>\n\t\t\t\t\t<\/div>\n\t\t<\/div>\n\t\t\t\t<div class=\"elementor-column elementor-col-50 elementor-top-column elementor-element elementor-element-bf04e31\" data-id=\"bf04e31\" data-element_type=\"column\">\n\t\t\t<div class=\"elementor-widget-wrap elementor-element-populated\">\n\t\t\t\t\t\t\t\t<div class=\"elementor-element elementor-element-cf6f53d elementor-widget elementor-widget-image\" data-id=\"cf6f53d\" data-element_type=\"widget\" data-widget_type=\"image.default\">\n\t\t\t\t<div class=\"elementor-widget-container\">\n\t\t\t\t\t\t\t\t\t\t\t\t\t\t\t<img loading=\"lazy\" decoding=\"async\" width=\"300\" height=\"169\" src=\"https:\/\/westsiderobotlab.fr\/wp-content\/uploads\/2018\/09\/1-300x169.jpg\" class=\"attachment-medium size-medium wp-image-61\" alt=\"\" srcset=\"https:\/\/westsiderobotlab.fr\/wp-content\/uploads\/2018\/09\/1-300x169.jpg 300w, https:\/\/westsiderobotlab.fr\/wp-content\/uploads\/2018\/09\/1-768x434.jpg 768w, https:\/\/westsiderobotlab.fr\/wp-content\/uploads\/2018\/09\/1-1024x578.jpg 1024w\" sizes=\"(max-width: 300px) 100vw, 300px\" \/>\t\t\t\t\t\t\t\t\t\t\t\t\t\t\t<\/div>\n\t\t\t\t<\/div>\n\t\t\t\t\t<\/div>\n\t\t<\/div>\n\t\t\t\t\t\t\t<\/div>\n\t\t<\/section>\n\t\t\t\t<section class=\"elementor-section elementor-top-section elementor-element elementor-element-54d2ed1 elementor-section-boxed elementor-section-height-default elementor-section-height-default\" data-id=\"54d2ed1\" data-element_type=\"section\">\n\t\t\t\t\t\t<div class=\"elementor-container elementor-column-gap-default\">\n\t\t\t\t\t<div class=\"elementor-column elementor-col-100 elementor-top-column elementor-element elementor-element-8cdefb4\" data-id=\"8cdefb4\" data-element_type=\"column\">\n\t\t\t<div class=\"elementor-widget-wrap elementor-element-populated\">\n\t\t\t\t\t\t\t\t<div class=\"elementor-element elementor-element-06dea9b elementor-widget elementor-widget-heading\" data-id=\"06dea9b\" data-element_type=\"widget\" data-widget_type=\"heading.default\">\n\t\t\t\t<div class=\"elementor-widget-container\">\n\t\t\t<h2 class=\"elementor-heading-title elementor-size-default\">Nos adresses<\/h2>\t\t<\/div>\n\t\t\t\t<\/div>\n\t\t\t\t\t<\/div>\n\t\t<\/div>\n\t\t\t\t\t\t\t<\/div>\n\t\t<\/section>\n\t\t\t\t<section class=\"elementor-section elementor-top-section elementor-element elementor-element-ac9277d elementor-section-boxed elementor-section-height-default elementor-section-height-default\" data-id=\"ac9277d\" data-element_type=\"section\">\n\t\t\t\t\t\t<div class=\"elementor-container elementor-column-gap-default\">\n\t\t\t\t\t<div class=\"elementor-column elementor-col-50 elementor-top-column elementor-element elementor-element-a11c52a\" data-id=\"a11c52a\" data-element_type=\"column\">\n\t\t\t<div class=\"elementor-widget-wrap elementor-element-populated\">\n\t\t\t\t\t\t\t\t<div class=\"elementor-element elementor-element-e819c0c elementor-widget elementor-widget-google_maps\" data-id=\"e819c0c\" data-element_type=\"widget\" data-widget_type=\"google_maps.default\">\n\t\t\t\t<div class=\"elementor-widget-container\">\n\t\t\t\t\t<div class=\"elementor-custom-embed\">\n\t\t\t<iframe loading=\"lazy\"\n\t\t\t\t\tsrc=\"https:\/\/maps.google.com\/maps?q=potager%20du%20dauphin%20&#038;t=m&#038;z=10&#038;output=embed&#038;iwloc=near\"\n\t\t\t\t\ttitle=\"potager du dauphin \"\n\t\t\t\t\taria-label=\"potager du dauphin \"\n\t\t\t><\/iframe>\n\t\t<\/div>\n\t\t\t\t<\/div>\n\t\t\t\t<\/div>\n\t\t\t\t\t<\/div>\n\t\t<\/div>\n\t\t\t\t<div class=\"elementor-column elementor-col-50 elementor-top-column elementor-element elementor-element-79072ee\" data-id=\"79072ee\" data-element_type=\"column\">\n\t\t\t<div class=\"elementor-widget-wrap elementor-element-populated\">\n\t\t\t\t\t\t\t\t<div class=\"elementor-element elementor-element-8dedeac elementor-widget elementor-widget-google_maps\" data-id=\"8dedeac\" data-element_type=\"widget\" data-widget_type=\"google_maps.default\">\n\t\t\t\t<div class=\"elementor-widget-container\">\n\t\t\t\t\t<div class=\"elementor-custom-embed\">\n\t\t\t<iframe loading=\"lazy\"\n\t\t\t\t\tsrc=\"https:\/\/maps.google.com\/maps?q=69%20rue%20de%20la%20r%C3%A9publique%2092190&#038;t=m&#038;z=10&#038;output=embed&#038;iwloc=near\"\n\t\t\t\t\ttitle=\"69 rue de la r\u00e9publique 92190\"\n\t\t\t\t\taria-label=\"69 rue de la r\u00e9publique 92190\"\n\t\t\t><\/iframe>\n\t\t<\/div>\n\t\t\t\t<\/div>\n\t\t\t\t<\/div>\n\t\t\t\t\t<\/div>\n\t\t<\/div>\n\t\t\t\t\t\t\t<\/div>\n\t\t<\/section>\n\t\t\t\t\t\t\t<\/div>\n\t\t","protected":false},"excerpt":{"rendered":"<p>Ateliers de l&rsquo;association L&rsquo;association propose diff\u00e9rents ateliers notamment le samedi. Vous trouverez&nbsp;ci-joint un formulaire d&rsquo;inscription&nbsp;qui nous permettra de constituer des groupes en fonction de l&rsquo;\u00e2ge et des comp\u00e9tences des enfants. Les ateliers sont r\u00e9partis de la fa\u00e7on suivante :&nbsp; &#8211; Samedi \u00e0 10h pour les d\u00e9butants au Potager du Dauphin. &#8211; Samedi \u00e0 10h \u00e9galement [&hellip;]<\/p>\n","protected":false},"author":1,"featured_media":0,"parent":0,"menu_order":0,"comment_status":"closed","ping_status":"closed","template":"","meta":{"footnotes":""},"_links":{"self":[{"href":"https:\/\/westsiderobotlab.fr\/index.php?rest_route=\/wp\/v2\/pages\/38"}],"collection":[{"href":"https:\/\/westsiderobotlab.fr\/index.php?rest_route=\/wp\/v2\/pages"}],"about":[{"href":"https:\/\/westsiderobotlab.fr\/index.php?rest_route=\/wp\/v2\/types\/page"}],"author":[{"embeddable":true,"href":"https:\/\/westsiderobotlab.fr\/index.php?rest_route=\/wp\/v2\/users\/1"}],"replies":[{"embeddable":true,"href":"https:\/\/westsiderobotlab.fr\/index.php?rest_route=%2Fwp%2Fv2%2Fcomments&post=38"}],"version-history":[{"count":29,"href":"https:\/\/westsiderobotlab.fr\/index.php?rest_route=\/wp\/v2\/pages\/38\/revisions"}],"predecessor-version":[{"id":249,"href":"https:\/\/westsiderobotlab.fr\/index.php?rest_route=\/wp\/v2\/pages\/38\/revisions\/249"}],"wp:attachment":[{"href":"https:\/\/westsiderobotlab.fr\/index.php?rest_route=%2Fwp%2Fv2%2Fmedia&parent=38"}],"curies":[{"name":"wp","href":"https:\/\/api.w.org\/{rel}","templated":true}]}}